{"id":71,"date":"2018-06-09T18:12:43","date_gmt":"2018-06-09T17:12:43","guid":{"rendered":"http:\/\/musikschule-wrede.de\/?page_id=71"},"modified":"2018-06-09T18:12:43","modified_gmt":"2018-06-09T17:12:43","slug":"junior-music-course","status":"publish","type":"page","link":"http:\/\/musikschule-wrede.de\/?page_id=71","title":{"rendered":"Junior Music Course"},"content":{"rendered":"<div id=\"content\">\n<p>Kinder im Vorschulalter erleben eine Phase der raschen Entwicklung ihrer H\u00f6rf\u00e4higkeiten. Sie k\u00f6nnen sich besonders schnell an alle T\u00f6ne und Worte erinnern, die sie zum ersten Mal h\u00f6ren. Die vielf\u00e4ltige Ber\u00fchrung mit Musik &#8211; durch H\u00f6ren, Singen und Spielen &#8211; erm\u00f6glicht ihnen, an diesem entscheidenden Punkt ihres Lebens ein grundlegendes Verst\u00e4ndnis f\u00fcr Musik zu entwickeln.<\/p>\n<p>Das Alter zwischen 4 und 6 Jahren ist die Zeit, in der sich das Geh\u00f6r der Kinder rasant entwickelt und ihre F\u00e4higkeit, Kl\u00e4nge und T\u00f6ne zu erkennen, w\u00e4chst. Dies ist der ideale Zeitpunkt, um das absolute Geh\u00f6r, ein Gef\u00fchl f\u00fcr Harmonie und eine Vorstellung von musikalischen Phrasen und T\u00f6nen zu entwickeln. Im \u201eJunior Music Course\u201c werden die Kinder motiviert, die grundlegenden Elemente der Musik &#8211; Melodie, Rhythmus und Harmonie &#8211; zu erlernen.<\/p>\n<p>Das Ziel des \u201eJunior Music Course\u201c ist es, Kinder zu bef\u00e4higen, zu singen, was sie geh\u00f6rt haben, zu spielen, was sie gesungen haben und, sich selbst Musikst\u00fccke auszudenken oder auch sich musikalisch auszudr\u00fccken. Das Keyboard wird als Lernwerkzeug eingesetzt.<\/p>\n<p>Nach zwei Jahren wechseln die Kinder vom \u201eJunior Music Course\u201c in den Junior Extension Course.<\/p>\n<p><strong>Wer kann mitmachen?<\/strong><br \/>\nKinder im Alter von 4 bis 5 Jahren<\/p>\n<p><strong>Unterrichtsdauer:<\/strong><br \/>\n60 Minuten<\/p>\n<p><strong>Gruppengr\u00f6\u00dfe:<\/strong><br \/>\n6 bis 10 Kinder mit ihren Eltern<\/p>\n<\/div>\n","protected":false},"excerpt":{"rendered":"<p>Kinder im Vorschulalter erleben eine Phase der raschen Entwicklung ihrer H\u00f6rf\u00e4higkeiten. Sie k\u00f6nnen sich besonders schnell an alle T\u00f6ne und Worte erinnern, die sie zum ersten Mal h\u00f6ren. Die vielf\u00e4ltige Ber\u00fchrung mit Musik &#8211; durch H\u00f6ren, Singen und Spielen &#8211; erm\u00f6glicht ihnen, an diesem entscheidenden Punkt ihres Lebens ein grundlegendes Verst\u00e4ndnis f\u00fcr Musik zu entwickeln. [&hellip;]<\/p>\n","protected":false},"author":1,"featured_media":0,"parent":0,"menu_order":0,"comment_status":"closed","ping_status":"closed","template":"","meta":[],"_links":{"self":[{"href":"http:\/\/musikschule-wrede.de\/index.php?rest_route=\/wp\/v2\/pages\/71"}],"collection":[{"href":"http:\/\/musikschule-wrede.de\/index.php?rest_route=\/wp\/v2\/pages"}],"about":[{"href":"http:\/\/musikschule-wrede.de\/index.php?rest_route=\/wp\/v2\/types\/page"}],"author":[{"embeddable":true,"href":"http:\/\/musikschule-wrede.de\/index.php?rest_route=\/wp\/v2\/users\/1"}],"replies":[{"embeddable":true,"href":"http:\/\/musikschule-wrede.de\/index.php?rest_route=%2Fwp%2Fv2%2Fcomments&post=71"}],"version-history":[{"count":1,"href":"http:\/\/musikschule-wrede.de\/index.php?rest_route=\/wp\/v2\/pages\/71\/revisions"}],"predecessor-version":[{"id":72,"href":"http:\/\/musikschule-wrede.de\/index.php?rest_route=\/wp\/v2\/pages\/71\/revisions\/72"}],"wp:attachment":[{"href":"http:\/\/musikschule-wrede.de\/index.php?rest_route=%2Fwp%2Fv2%2Fmedia&parent=71"}],"curies":[{"name":"wp","href":"https:\/\/api.w.org\/{rel}","templated":true}]}}