{"id":24,"date":"2018-06-09T15:20:40","date_gmt":"2018-06-09T15:20:40","guid":{"rendered":"http:\/\/musikschule-wrede.de\/?page_id=24"},"modified":"2018-06-09T17:59:17","modified_gmt":"2018-06-09T16:59:17","slug":"datenschutz","status":"publish","type":"page","link":"http:\/\/musikschule-wrede.de\/?page_id=24","title":{"rendered":"Datenschutz"},"content":{"rendered":"<h2>Datenschutzerkl\u00e4rung<\/h2>\n<p>Im Folgenden informieren wir \u00fcber die Erhebung personenbezogener Daten bei Nutzung unserer Website. Personenbezogene Daten sind alle Daten, die auf Sie pers\u00f6nlich beziehbar sind, z. B. Name, Adresse, E-Mail-Adressen, Nutzerverhalten. Wir haben umfangreiche technische und betriebliche Schutzvorkehrungen getroffen, um Ihre Daten vor zuf\u00e4lligen oder vors\u00e4tzlichen Manipulationen, Verlust, Zerst\u00f6rung oder dem Zugriff unberechtigter Personen zu sch\u00fctzen.<\/p>\n<p>Unsere Sicherheitsverfahren werden regelm\u00e4\u00dfig \u00fcberpr\u00fcft und dem technologischen Fortschritt angepasst.<\/p>\n<h3>1. Verantwortlicher f\u00fcr die Datenverarbeitung:<\/h3>\n<p>Verantwortlicher gem. Art. 4 Abs. 7 EU-Datenschutz-Grundverordnung (DSGVO) ist Willi Wrede. Die YAMAHA Music School Willi Wrede ist eine Einrichtung der YAMAHA Music Europe GmbH (siehe unser\u00a0<a href=\"https:\/\/www.hamburg.eppendorf.yms-europe.com\/impressum.html\">Impressum<\/a>).<\/p>\n<p>&nbsp;<\/p>\n<p><strong>YAMAHA Music School \u2022 Willi Wrede<\/strong><br \/>\nWewelsburger Weg 4<br \/>\n33100 Paderborn<\/p>\n<p><strong>YAMAHA Music Europe GmbH<\/strong><br \/>\nSiemensstr. 22 &#8211; 34<br \/>\n25462 Rellingen<\/p>\n<h3>2. Kontaktm\u00f6glichkeit des Datenschutzbeauftragten:<\/h3>\n<p>Unseren Datenschutzbeauftragten erreichen Sie unter\u00a0<a href=\"mailto:dataprotection@contact.europe.yamaha.com\">dataprotection@contact.europe.yamaha.com<\/a>.<\/p>\n<h3>3. Ihre Rechte<\/h3>\n<p>Sie haben gegen\u00fcber uns folgende Rechte hinsichtlich der Sie betreffenden personenbezogenen Daten:<\/p>\n<p><strong>3.1 Allgemeine Rechte<\/strong><br \/>\nSie haben ein Recht auf Auskunft, Berichtigung, L\u00f6schung, Einschr\u00e4nkung der Verarbeitung, Widerspruch gegen die Verarbeitung und auf Daten\u00fcbertragbarkeit. Soweit eine Verarbeitung auf Ihrer Einwilligung beruht, haben Sie das Recht, diese uns gegen\u00fcber mit Wirkung f\u00fcr die Zukunft zu widerrufen.<\/p>\n<p><strong>3.2 Rechte bei der Datenverarbeitung nach dem berechtigten Interesse<\/strong><br \/>\nSie haben gem. Art. 21 Abs.1 DSGVO das Recht, aus Gr\u00fcnden, die sich aus ihrer besonderen Situation ergeben, jederzeit gegen die Verarbeitung sie betreffender personenbezogener Daten, die aufgrund von Art. 6 Abs.1 e DSGVO (Datenverarbeitung im \u00f6ffentlichen Interesse) oder aufgrund Artikel 6 Abs.1 f DSGVO (Datenverarbeitung zur Wahrung eines berechtigten Interesses) erfolgt, Widerspruch einzulegen, dies gilt auch f\u00fcr ein auf diese Vorschrift gest\u00fctztes Profiling. Im Falle Ihres Widerspruchs verarbeiten wir Ihre personenbezogenen Daten nicht mehr, es sei denn, wir k\u00f6nnen zwingende schutzw\u00fcrdige Gr\u00fcnde f\u00fcr die Verarbeitung nachweisen, die Ihre Interessen, Rechte und Freiheiten \u00fcberwiegen, oder die Verarbeitung dient der Geltendmachung, Aus\u00fcbung oder Verteidigung von Rechtsanspr\u00fcchen.<\/p>\n<p><strong>3.3 Rechte bei Direktwerbung<\/strong><br \/>\nSofern wir Ihre personenbezogenen Daten verarbeiten, um Direktwerbung zu betreiben, so haben Sie gem. Art. 21 Abs. 2 DSGVO das Recht, jederzeit Widerspruch gegen die Verarbeitung der Sie betreffenden personenbezogenen Daten zum Zwecke derartiger Werbung einzulegen, dies gilt auch f\u00fcr das Profiling, soweit es mit solcher Direktwerbung in Verbindung steht.<\/p>\n<p>Im Falle Ihres Widerspruchs gegen die Verarbeitung zum Zwecke der Direktwerbung werden wir Ihre personenbezogenen Daten nicht mehr f\u00fcr diese Zwecke verarbeiten.<\/p>\n<p><strong>3.4 Recht auf Beschwerde bei einer Aufsichtsbeh\u00f6rde<\/strong><br \/>\nSie haben zudem das Recht, sich bei einer zust\u00e4ndigen Datenschutz-Aufsichtsbeh\u00f6rde \u00fcber die Verarbeitung Ihrer personenbezogenen Daten durch uns zu beschweren.<\/p>\n<h3>4. Erhebung personenbezogener Daten bei Besuch unserer Website<\/h3>\n<p>Bei der blo\u00df informatorischen Nutzung der Website, also wenn Sie sich nicht registrieren oder uns anderweitig Informationen \u00fcbermitteln, erheben wir nur die personenbezogenen Daten, die Ihr Browser an unseren Server \u00fcbermittelt. Wenn Sie unsere Website betrachten m\u00f6chten, erheben wir die folgenden Daten, die f\u00fcr uns technisch erforderlich sind, um Ihnen unsere Website anzuzeigen und die Stabilit\u00e4t und Sicherheit zu gew\u00e4hrleisten. Rechtsgrundlage daf\u00fcr ist Art. 6 Abs. 1 f DSGVO:<\/p>\n<p>\u2013IP-Adresse, Datum und Uhrzeit der Anfrage, Zeitzonendifferenz zur Greenwich Mean Time (GMT), Inhalt der Anforderung (konkrete Seite), Zugriffsstatus\/HTTP-Statuscode, jeweils \u00fcbertragene Datenmenge, Website, von der die Anforderung kommt, Browser, Betriebssystem, und dessen Oberfl\u00e4che, Sprache und Version der Browsersoftware.<\/p>\n<h3>5. Kontaktaufnahme per E-Mail oder Kontaktformular<\/h3>\n<p>Bei Ihrer Kontaktaufnahme mit uns per E-Mail oder \u00fcber ein Kontaktformular werden die von Ihnen mitgeteilten Daten (Ihre E-Mail-Adresse, ggf. Ihr Name und Ihre Telefonnummer) von uns gespeichert, um Ihre Fragen zu beantworten. Soweit wir \u00fcber unser Kontaktformular Eingaben abfragen, die nicht f\u00fcr eine Kontaktaufnahme erforderlich sind, haben wir diese stets als optional gekennzeichnet. Diese Angaben dienen uns zur Konkretisierung Ihrer Anfrage und zur verbesserten Abwicklung Ihres Anliegens. Eine Mitteilung dieser Angaben erfolgt ausdr\u00fccklich auf freiwilliger Basis und mit Ihrer Einwilligung, Art. 6 Abs.1 a DSGVO. Soweit es sich hierbei um Angaben zu Kommunikationskan\u00e4len (beispielsweise E-Mail-Adresse, Telefonnummer) handelt, willigen Sie au\u00dferdem ein, dass wir Sie ggf. auch \u00fcber diesen Kommunikationskanal kontaktieren, um Ihr Anliegen zu beantworten. Diese Einwilligung k\u00f6nnen Sie selbstverst\u00e4ndlich jederzeit f\u00fcr die Zukunft widerrufen.<\/p>\n<p>Die in diesem Zusammenhang anfallenden Daten l\u00f6schen wir, nachdem die Speicherung nicht mehr erforderlich ist, oder schr\u00e4nken die Verarbeitung ein, falls gesetzliche Aufbewahrungspflichten bestehen.<\/p>\n<h3>6. Newsletter<\/h3>\n<p><strong>6.1 Allgemeine Informationen<\/strong><br \/>\nMit Ihrer Einwilligung nach Art. 6 Abs. 1 a DSGVO k\u00f6nnen Sie unseren Newsletter abonnieren, mit dem wir Sie \u00fcber unsere aktuellen Angebote informieren. F\u00fcr die Anmeldung zu unserem Newsletter verwenden wir das sog. Double-opt-in-Verfahren. Das hei\u00dft, dass wir Ihnen nach Ihrer Anmeldung eine E-Mail an die angegebene E-Mail-Adresse senden, in welcher wir Sie um Best\u00e4tigung bitten, dass Sie den Versand des Newsletters w\u00fcnschen. Wenn Sie Ihre Anmeldung nicht innerhalb von 24 Stunden best\u00e4tigen, werden Ihre Informationen gesperrt und nach einem Monat automatisch gel\u00f6scht.<\/p>\n<p>Dar\u00fcber hinaus speichern wir jeweils Ihre eingesetzten IP-Adressen und Zeitpunkte der Anmeldung und Best\u00e4tigung. Zweck des Verfahrens ist, Ihre Anmeldung nachweisen und ggf. einen m\u00f6glichen Missbrauch Ihrer pers\u00f6nlichen Daten aufkl\u00e4ren zu k\u00f6nnen.<\/p>\n<p>Pflichtangabe f\u00fcr die \u00dcbersendung des Newsletters ist allein Ihre E-Mail-Adresse, Sprache und das Land. Die Angabe weiterer, gesondert markierter Daten ist freiwillig und wird verwendet, um Sie pers\u00f6nlich ansprechen zu k\u00f6nnen. Nach Ihrer Best\u00e4tigung speichern wir Ihre E-Mail-Adresse zum Zweck der Zusendung des Newsletters. Rechtsgrundlage ist Art. 6 Abs. 1 a DSGVO.<\/p>\n<p>Ihre Einwilligung in die \u00dcbersendung des Newsletters k\u00f6nnen Sie jederzeit widerrufen und den Newsletter abbestellen. Den Widerruf k\u00f6nnen Sie durch Klick auf den in jeder Newsletter-E-Mail bereitgestellten Link oder per Kontaktanfrage an den oben angegebenen Datenschutzbeauftragten erkl\u00e4ren.<\/p>\n<p><strong>6.2 Newsletter Tracking<\/strong><br \/>\nWir weisen Sie darauf hin, dass wir bei Versand des Newsletters Ihr Nutzerverhalten auswerten. F\u00fcr diese Auswertung beinhalten die versendeten E-Mails sogenannte Tracking-Pixel. F\u00fcr die Auswertungen verkn\u00fcpfen wir die genannten Daten und die Tracking-Pixel mit Ihrer E-Mail-Adresse und einer individuellen ID. Auch im Newsletter erhaltene Links enthalten diese ID.<\/p>\n<p>Die Daten werden ausschlie\u00dflich pseudonymisiert erhoben, die IDs werden also nicht mit Ihren weiteren pers\u00f6nlichen Daten verkn\u00fcpft, eine direkte Personenbeziehbarkeit wird ausgeschlossen. Die Informationen werden solange gespeichert, wie Sie den Newsletter abonniert haben.<\/p>\n<p>Ein solches Tracking ist zudem nicht m\u00f6glich, wenn Sie in Ihrem E-Mail-Programm die Anzeige von Bildern standardm\u00e4\u00dfig deaktiviert haben. In diesem Fall wird Ihnen der Newsletter nicht vollst\u00e4ndig angezeigt und Sie k\u00f6nnen eventuell nicht alle Funktionen nutzen. Wenn Sie die Bilder manuell anzeigen lassen, erfolgt das oben genannte Tracking.<\/p>\n<h3>7. Teilnahme an Gewinnspielen<\/h3>\n<p>Wenn Sie an Gewinnspielen teilnehmen, erheben wir Daten, die zur Durchf\u00fchrung des Gewinnspiels erforderlich sind. Dies sind in der Regel ein individueller Gewinnspielbeitrag (z.B. ein Kommentar oder ein Foto), sowie Name und Kontaktdaten. Es kann sein, dass wir Ihre Daten an unsere Gewinnspielpartner weitergeben, z.B. um Ihnen den Gewinn zukommen zu lassen. Die Datenverarbeitung und Datenweitergabe kann je nach Gewinnspiel variieren und ist daher in den jeweiligen Teilnahmebedingungen konkret beschrieben. Die Teilnahme an dem Gewinnspiel und die damit verbundenen Datenerhebung ist selbstverst\u00e4ndlich freiwillig. Rechtsgrundlage f\u00fcr die Datenverarbeitung ist Ihre Einwilligung nach Art. 6 Abs. 1 a DSGVO. Ihre Daten werden nach Beendigung des Gewinnspiels gel\u00f6scht.<\/p>\n<h3>8. Bewerbungen<\/h3>\n<p>Sie k\u00f6nnen sich auf elektronischem Wege, insb. via E-Mail oder Webformulare, bei unserem Unternehmen bewerben. Ihre Angaben werden wir selbstverst\u00e4ndlich ausschlie\u00dflich zur Bearbeitung Ihrer Bewerbung verwenden und nicht an Dritte weitergeben. Bitte beachten Sie, dass unverschl\u00fcsselt \u00fcbersandte E-Mails nicht zugriffsgesch\u00fctzt \u00fcbermittelt werden.<\/p>\n<p>Sie k\u00f6nnen sich auch \u00fcber unser Bewerbungsportal online bei unserem Unternehmen bewerben. Ihre Online-Bewerbung wird \u00fcber eine verschl\u00fcsselte Verbindung direkt an die Personalabteilung weitergeleitet und selbstverst\u00e4ndlich vertraulich behandelt. Ihre Angaben werden wir selbstverst\u00e4ndlich ausschlie\u00dflich zur Bearbeitung Ihrer Bewerbung verwenden und nicht an Dritte weitergeben. Weitere Informationen zur Datenverarbeitung im Rahmen des Bewerbungsverfahrens finden Sie in der Datenschutzerkl\u00e4rung unseres Bewerbungsportals.<\/p>\n<p>Wenn Sie sich auf eine bestimmte Stelle beworben haben und diese bereits besetzt wurde oder wir Sie f\u00fcr eine andere Stelle ebenfalls oder als noch besser geeignet ansehen, w\u00fcrden wir Ihre Bewerbung gern innerhalb des Unternehmens weiterleiten. Bitte teilen Sie uns mit, wenn Sie einer Weiterleitung nicht zustimmen.<\/p>\n<p>Ihre personenbezogenen Daten werden nach Abschluss des Bewerbungsverfahrens sofort gel\u00f6scht, bzw. nach maximal 6 Monaten, sofern Sie uns nicht ausdr\u00fccklich Ihre Einwilligung f\u00fcr eine l\u00e4ngere Speicherung Ihrer Daten erteilt haben oder es zu einem Vertragsschluss gekommen ist. Rechtsgrundlage ist Art. 6 Abs. 1 a, b und f DSGVO.<\/p>\n<h3>9. Einsatz von Social-Plugins<\/h3>\n<p>Diese Website verwendet Social-Plugins der Anbieter<\/p>\n<p>&#8211;\u00a0<strong>Facebook<\/strong>\u00a0(Betreiber: Facebook Inc., 1601 S. California Ave, Palo Alto, CA 94304, USA)<br \/>\n&#8211;\u00a0<strong>Twitter<\/strong>\u00a0(Betreiber: Twitter Inc., 795 Folsom St., Suite 600, San Francisco, CA 94107, USA)<br \/>\n&#8211;\u00a0<strong>Pinterest<\/strong>\u00a0(Betreiber: Pinterest Inc., 635 High Street, Palo Alto,CA, 94301, USA)<br \/>\n&#8211;\u00a0<strong>Instagram<\/strong>\u00a0(Betreiber: Instagram LLC, 1601 Willow Rd, Menlo Park CA 94025, USA)<br \/>\n&#8211;\u00a0<strong>Linkedin<\/strong>\u00a0(Betreiber: LinkedIn Ireland Unlimited Company, Wilton Place, Dublin 2, Irland)<br \/>\n&#8211;\u00a0<strong>Youtube<\/strong>\u00a0(Betreiber: YouTube LLC, 901 Cherry Ave., San Bruno, CA 94066, USA)<\/p>\n<p>&nbsp;<\/p>\n<p>Diese Plugins erfassen normalerweise standardm\u00e4\u00dfig Daten von Ihnen und \u00fcbermitteln diese an die Server des jeweiligen Anbieters. Um den Schutz Ihrer Privatsph\u00e4re zu gew\u00e4hrleisten, haben wir technische Ma\u00dfnahmen ergriffen, die gew\u00e4hrleisten, dass Ihre Daten nicht ohne Ihre Zustimmung von den Anbietern des jeweiligen Plugins erfasst werden k\u00f6nnen. Bei Aufruf einer Seite, auf denen die Plugins eingebunden sind, sind diese zun\u00e4chst deaktiviert. Erst mit einem Klick auf das jeweilige Symbol werden die Plugins aktiviert und Sie geben damit Ihre Zustimmung, dass Ihre Daten an den jeweiligen Anbieter \u00fcbertragen werden. Rechtsgrundlage f\u00fcr die Nutzung der Plugins ist Art. 6 Abs. 1 a und f DSGVO.<\/p>\n<p>Die Plugins erfassen nach Aktivierung auch personenbezogene Daten wie Ihre IP-Adresse und senden diese an die Server des jeweiligen Anbieters, wo diese gespeichert werden. Au\u00dferdem setzen aktivierte Social Plugins beim Aufruf der betreffenden Webseite ein Cookie mit einer eindeutigen Kennung. Dadurch k\u00f6nnen die Anbieter auch Profile \u00fcber Ihr Nutzungsverhalten erstellen. Dies geschieht auch dann, wenn Sie nicht Mitglied bei dem sozialen Netzwerk des jeweiligen Anbieters sind. Sollten Sie Mitglied bei dem sozialen Netzwerk des Anbieters sein und sind Sie w\u00e4hrend Ihres Besuchs auf dieser Website bei dem sozialen Netzwerk eingeloggt, k\u00f6nnen Ihre Daten und Informationen \u00fcber den Besuch auf dieser Webseite mit Ihrem Profil auf dem sozialen Netzwerk verkn\u00fcpft werden. Auf den genauen Umfang der von Ihnen erhobenen Daten durch den jeweiligen Anbieter haben wir keinen Einfluss. N\u00e4here Informationen \u00fcber den Umfang, die Art und den Zweck der Datenverarbeitung und \u00fcber Rechte und Einstellungsm\u00f6glichkeiten zum Schutz Ihrer Privatsph\u00e4re entnehmen Sie bitte den Datenschutzhinweisen des jeweiligen Anbieters des sozialen Netzwerks. Diese sind unter den folgenden Adressen abrufbar:<\/p>\n<p>Facebook:\u00a0<a href=\"https:\/\/www.facebook.com\/policy.php\">https:\/\/www.facebook.com\/policy.php<\/a><br \/>\nTwitter:\u00a0<a href=\"https:\/\/twitter.com\/privacy\/\">https:\/\/twitter.com\/privacy\/<\/a><br \/>\nGoogle+:\u00a0<a href=\"https:\/\/www.google.com\/intl\/de\/privacy\/\">https:\/\/www.google.com\/intl\/de\/privacy\/<\/a><br \/>\nPinterest:\u00a0<a href=\"https:\/\/about.pinterest.com\/de\/privacy-policy\">https:\/\/about.pinterest.com\/de\/privacy-policy<\/a><br \/>\nInstagram:\u00a0<a href=\"https:\/\/help.instagram.com\/155833707900388\">https:\/\/help.instagram.com\/155833707900388<\/a><br \/>\nLinkedin:\u00a0<a href=\"https:\/\/www.linkedin.com\/legal\/privacy-policy\">https:\/\/www.linkedin.com\/legal\/privacy-policy<\/a><br \/>\nYoutube:\u00a0<a href=\"https:\/\/www.youtube.com\/static?template=privacy_guidelines\">https:\/\/www.youtube.com\/static?template=privacy_guidelines<\/a><\/p>\n<h3>10. Einsatz von Cookies:<\/h3>\n<p>Bei Ihrer Nutzung unserer Website werden Cookies auf Ihrem Rechner gespeichert. Bei Cookies handelt es sich um kleine Textdateien, die auf Ihrer Festplatte dem von Ihnen verwendeten Browser zugeordnet gespeichert werden und durch welche der Stelle, die den Cookie setzt, bestimmte Informationen zuflie\u00dfen. Cookies k\u00f6nnen keine Programme ausf\u00fchren oder Viren auf Ihren Computer \u00fcbertragen. Sie dienen dazu, das Internetangebot insgesamt nutzerfreundlicher und effektiver zu machen.<\/p>\n<p>Diese Website nutzt folgende Arten von Cookies, deren Umfang und Funktionsweise im Folgenden erl\u00e4utert werden:<\/p>\n<p><strong>10.1 Transiente Cookies\u00a0<\/strong><br \/>\nDiese Cookies werden automatisiert gel\u00f6scht, wenn Sie den Browser schlie\u00dfen. Dazu z\u00e4hlen insbesondere die Session-Cookies. Diese speichern eine sogenannte Session-ID, mit welcher sich verschiedene Anfragen Ihres Browsers der gemeinsamen Sitzung zuordnen lassen. Dadurch kann Ihr Rechner wiedererkannt werden, wenn Sie auf unsere Website zur\u00fcckkehren. Die Session-Cookies werden gel\u00f6scht, wenn Sie sich ausloggen oder den Browser schlie\u00dfen.<\/p>\n<p><strong>10.2 Persistente Cookies\u00a0<\/strong><br \/>\nDiese Cookies werden automatisiert nach einer vorgegebenen Dauer gel\u00f6scht, die sich je nach Cookie unterscheiden kann. Sie k\u00f6nnen die Cookies in den Sicherheitseinstellungen Ihres Browsers jederzeit l\u00f6schen.<\/p>\n<p><strong>10.3 Verhinderung von Cookies<\/strong><br \/>\nSie k\u00f6nnen Ihre Browser-Einstellung entsprechend Ihren W\u00fcnschen konfigurieren und z.\u2009B. die Annahme von Third-Party-Cookies oder allen Cookies ablehnen. Wir weisen Sie darauf hin, dass Sie dann eventuell nicht alle Funktionen dieser Website nutzen k\u00f6nnen.<\/p>\n<p><strong>10.4 Rechtsgrundlagen und Speicherdauer<\/strong><br \/>\nDie Rechtsgrundlagen f\u00fcr m\u00f6gliche Verarbeitungen personenbezogener Daten und deren Speicherdauer variieren und werden in den folgenden Abschnitten dargestellt.<\/p>\n<h3>11. Webseitenanalyse<\/h3>\n<p>F\u00fcr Zwecke der Analyse und Optimierung unserer Webseiten verwenden wir verschiedene Dienste, die im Folgenden dargestellt werden. So k\u00f6nnen wir z.B. analysieren, wie viele Nutzer unsere Seite besuchen, welche Informationen am gefragtesten sind oder wie Nutzer das Angebot auffinden. Wir erfassen unter anderem Daten dar\u00fcber, von welcher Internetseite eine betroffene Person auf eine Internetseite gekommen ist (sogenannter Referrer), auf welche Unterseiten der Internetseite zugegriffen oder wie oft und f\u00fcr welche Verweildauer eine Unterseite betrachtet wurde. Dies hilft uns, unsere Angebote nutzerfreundlich auszugestalten und zu verbessern. Die dabei erhobenen Daten dienen nicht dazu, einzelne Benutzer pers\u00f6nlich zu identifizieren. Es werden anonyme bzw. h\u00f6chstens pseudonyme Daten erhoben. Rechtsgrundlage daf\u00fcr ist Art. 6 Abs. 1 f DSGVO.<\/p>\n<p><strong>11.1 Matomo (ehemals Piwik)<\/strong><br \/>\nDiese Website nutzt den Webanalysedienst Matomo (ehemals Piwik), um die Nutzung unserer Website analysieren und regelm\u00e4\u00dfig verbessern zu k\u00f6nnen. \u00dcber die gewonnenen Statistiken k\u00f6nnen wir unser Angebot verbessern und f\u00fcr Sie als Nutzer interessanter ausgestalten. Rechtsgrundlage f\u00fcr die Nutzung von Matomo ist Art. 6 Abs. 1 f DSGVO.<\/p>\n<p>F\u00fcr diese Auswertung werden Cookies auf Ihrem Computer gespeichert. Die Auswertung k\u00f6nnen Sie einstellen durch L\u00f6schung vorhandener Cookies und die Verhinderung der Speicherung von Cookies. Wenn Sie die Speicherung der Cookies verhindern, weisen wir darauf hin, dass Sie gegebenenfalls diese Website nicht vollumf\u00e4nglich nutzen k\u00f6nnen. Die Verhinderung der Speicherung von Cookies ist durch die Einstellung in ihrem Browser m\u00f6glich. Die Verhinderung des Einsatzes von Matomo ist m\u00f6glich, indem Sie den folgenden Haken entfernen und so das Opt-out-Plug-in aktivieren:<\/p>\n<p>Diese Website verwendet Matomo mit der Erweiterung \u201eAnonymizeIP\u201c. Dadurch werden IP-Adressen gek\u00fcrzt weiterverarbeitet, eine direkte Personenbeziehbarkeit kann damit ausgeschlossen werden. Die mittels Matomo von Ihrem Browser \u00fcbermittelte IP-Adresse wird nicht mit anderen von uns erhobenen Daten zusammengef\u00fchrt.<\/p>\n<p>Das Programm Matomo ist ein Open-Source-Projekt. Informationen des Drittanbieters zum Datenschutz erhalten Sie unter https:\/\/matomo.org\/privacy\/<\/p>\n<h3>12. Social Bookmarks<\/h3>\n<p>Auf unserer Webseite sind so genannte Social Bookmarks (bspw. von Facebook, Twitter und Xing) integriert. Social Bookmarks sind Internet-Lesezeichen, mit denen die Nutzer eines solchen Dienstes Links und Nachrichtenmeldungen sammeln k\u00f6nnen. Diese sind auf unserer Webseite lediglich als Link zu den entsprechenden Diensten eingebunden. Nach dem Anklicken der eingebundenen Grafik werden Sie auf die Seite des jeweiligen Anbieters weitergeleitet, d.h. erst dann werden Nutzerinformationen an den jeweiligen Anbieter \u00fcbertragen. Informationen zum Umgang mit Ihren personenbezogenen Daten bei Nutzung dieser Webseiten entnehmen Sie bitte den jeweiligen Datenschutzbestimmungen der Anbieter.<\/p>\n<p>13 Daten\u00fcbermittlung<\/p>\n<p>Eine \u00dcbermittlung Ihrer Daten an Dritte findet grunds\u00e4tzlich nicht statt, es sei denn, wir sind gesetzlich dazu verpflichtet, oder die Datenweitergabe ist zur Durchf\u00fchrung des Vertragsverh\u00e4ltnisses erforderlich oder Sie haben zuvor ausdr\u00fccklich in die Weitergabe Ihrer Daten eingewilligt.<\/p>\n<p>Externe Dienstleister und Partnerunternehmen wie z.B. Online-Payment-Anbieter oder das mit der Lieferung beauftragte Versandunternehmen erhalten Ihre Daten nur, soweit dies zur Abwicklung Ihrer Bestellung erforderlich ist. In diesen F\u00e4llen beschr\u00e4nkt sich der Umfang der \u00fcbermittelten Daten jedoch auf das erforderliche Minimum. Soweit unsere Dienstleister mit Ihren personenbezogenen Daten in Ber\u00fchrung kommen, stellen wir im Rahmen der Auftragsverarbeitung gem. Art. 28 DSGVO sicher, dass diese die Vorschriften der Datenschutzgesetze in gleicher Weise einhalten. Bitte beachten Sie auch die jeweiligen Datenschutzhinweise der Anbieter. F\u00fcr die Inhalte fremder Dienste ist der jeweilige Diensteanbieter verantwortlich, wobei wir im Rahmen der Zumutbarkeit eine \u00dcberpr\u00fcfung der Dienste auf die Einhaltung der gesetzlichen Anforderungen \u00fcberpr\u00fcfen.<\/p>\n<p>Wir legen Wert darauf, Ihre Daten innerhalb der EU \/ des EWR zu verarbeiten. Es kann allerdings vorkommen, dass wir Dienstleister einsetzen, die au\u00dferhalb der EU \/ des EWR Daten verarbeiten. In diesen F\u00e4llen stellen wir sicher, dass vor der \u00dcbermittlung Ihrer personenbezogenen Daten ein angemessenes Datenschutzniveau beim Empf\u00e4nger hergestellt wird. Damit ist gemeint, dass \u00fcber EU-Standardvertr\u00e4ge oder einem Angemessenheitsbeschluss, wie dem EU-Privacy Shield, ein Datenschutzniveau erreicht wird, dass mit den Standards innerhalb der EU vergleichbar ist.<\/p>\n<h3>14. Datensicherheit<\/h3>\n<p>Wir haben umfangreiche technische und betriebliche Schutzvorkehrungen getroffen, um Ihre Daten vor zuf\u00e4lligen oder vors\u00e4tzlichen Manipulationen, Verlust, Zerst\u00f6rung oder dem Zugriff unberechtigter Personen zu sch\u00fctzen. Unsere Sicherheitsverfahren werden regelm\u00e4\u00dfig \u00fcberpr\u00fcft und dem technologischen Fortschritt angepasst.<\/p>\n<p>Stand Mai 2018<\/p>\n","protected":false},"excerpt":{"rendered":"<p>Datenschutzerkl\u00e4rung Im Folgenden informieren wir \u00fcber die Erhebung personenbezogener Daten bei Nutzung unserer Website. Personenbezogene Daten sind alle Daten, die auf Sie pers\u00f6nlich beziehbar sind, z. B. Name, Adresse, E-Mail-Adressen, Nutzerverhalten. Wir haben umfangreiche technische und betriebliche Schutzvorkehrungen getroffen, um Ihre Daten vor zuf\u00e4lligen oder vors\u00e4tzlichen Manipulationen, Verlust, Zerst\u00f6rung oder dem Zugriff unberechtigter Personen zu [&hellip;]<\/p>\n","protected":false},"author":1,"featured_media":0,"parent":0,"menu_order":0,"comment_status":"closed","ping_status":"closed","template":"","meta":[],"_links":{"self":[{"href":"http:\/\/musikschule-wrede.de\/index.php?rest_route=\/wp\/v2\/pages\/24"}],"collection":[{"href":"http:\/\/musikschule-wrede.de\/index.php?rest_route=\/wp\/v2\/pages"}],"about":[{"href":"http:\/\/musikschule-wrede.de\/index.php?rest_route=\/wp\/v2\/types\/page"}],"author":[{"embeddable":true,"href":"http:\/\/musikschule-wrede.de\/index.php?rest_route=\/wp\/v2\/users\/1"}],"replies":[{"embeddable":true,"href":"http:\/\/musikschule-wrede.de\/index.php?rest_route=%2Fwp%2Fv2%2Fcomments&post=24"}],"version-history":[{"count":3,"href":"http:\/\/musikschule-wrede.de\/index.php?rest_route=\/wp\/v2\/pages\/24\/revisions"}],"predecessor-version":[{"id":60,"href":"http:\/\/musikschule-wrede.de\/index.php?rest_route=\/wp\/v2\/pages\/24\/revisions\/60"}],"wp:attachment":[{"href":"http:\/\/musikschule-wrede.de\/index.php?rest_route=%2Fwp%2Fv2%2Fmedia&parent=24"}],"curies":[{"name":"wp","href":"https:\/\/api.w.org\/{rel}","templated":true}]}}