{"id":181,"date":"2018-06-10T10:20:55","date_gmt":"2018-06-10T09:20:55","guid":{"rendered":"http:\/\/musikschule-wrede.de\/?page_id=181"},"modified":"2018-06-10T11:23:13","modified_gmt":"2018-06-10T10:23:13","slug":"kraki","status":"publish","type":"page","link":"http:\/\/musikschule-wrede.de\/?page_id=181","title":{"rendered":"Kraki"},"content":{"rendered":"<div id=\"d460140\" class=\"heading-h1\">\n<div class=\"container-fluid\">\n<p><img loading=\"lazy\" class=\"alignnone size-medium\" src=\"https:\/\/de.yamaha.com\/de\/files\/header_kraki_1200x480_eb99516ab8a9212bcd79ad58974987ef.jpg\" width=\"1200\" height=\"480\" \/><\/p>\n<p>(von 18 Monaten bis 3 Jahre)<\/p>\n<\/div>\n<\/div>\n<div id=\"d460142\" class=\"h3-image-left\">\n<div class=\"container-fluid\">\n<div class=\"clearfix\">\n<p>\u201eKraki\u201c hei\u00dft das Maskottchen aus dem Programm \u201eKrabbelkinder mit Musik\u201c. Mit seinen vielen \u00c4rmchen steht der kleine Krake sinnbildlich f\u00fcr die unterschiedlichen F\u00e4higkeiten und Talente, die speziell kleine Kinder entwickeln k\u00f6nnen, wenn sie richtig gef\u00f6rdert werden.<\/p>\n<p>Fantasie und Kreativit\u00e4t werden durch die Bilder und die Bastel-Tipps des Kraki-Buchs angeregt. Jede Woche werden lebensweltbezogene Themen, wie z. B. Spielplatz oder Spielzeug, Feste und Feiern, Natur und Tiere, auf der Stra\u00dfe, zu Hause, Essen, mein K\u00f6rper usw., in Verbindung mit Musik behandelt. Speziell die Lieder und Verse f\u00f6rdern neben der Entwicklung der Musikalit\u00e4t insbesondere die Sprachf\u00e4higkeit.<\/p>\n<p>Wer kann mitmachen? Kinder im Alter von 18 Monaten bis 3 Jahren.<\/p>\n<p>Unterrichtsdauer: 45 Minuten<\/p>\n<p>Gruppengr\u00f6\u00dfe: 10 bis 12 Kinder mit ihren Eltern<\/p>\n<\/div>\n<\/div>\n<\/div>\n","protected":false},"excerpt":{"rendered":"<p>(von 18 Monaten bis 3 Jahre) \u201eKraki\u201c hei\u00dft das Maskottchen aus dem Programm \u201eKrabbelkinder mit Musik\u201c. Mit seinen vielen \u00c4rmchen steht der kleine Krake sinnbildlich f\u00fcr die unterschiedlichen F\u00e4higkeiten und Talente, die speziell kleine Kinder entwickeln k\u00f6nnen, wenn sie richtig gef\u00f6rdert werden. Fantasie und Kreativit\u00e4t werden durch die Bilder und die Bastel-Tipps des Kraki-Buchs angeregt. [&hellip;]<\/p>\n","protected":false},"author":2,"featured_media":0,"parent":0,"menu_order":0,"comment_status":"closed","ping_status":"closed","template":"","meta":[],"_links":{"self":[{"href":"http:\/\/musikschule-wrede.de\/index.php?rest_route=\/wp\/v2\/pages\/181"}],"collection":[{"href":"http:\/\/musikschule-wrede.de\/index.php?rest_route=\/wp\/v2\/pages"}],"about":[{"href":"http:\/\/musikschule-wrede.de\/index.php?rest_route=\/wp\/v2\/types\/page"}],"author":[{"embeddable":true,"href":"http:\/\/musikschule-wrede.de\/index.php?rest_route=\/wp\/v2\/users\/2"}],"replies":[{"embeddable":true,"href":"http:\/\/musikschule-wrede.de\/index.php?rest_route=%2Fwp%2Fv2%2Fcomments&post=181"}],"version-history":[{"count":3,"href":"http:\/\/musikschule-wrede.de\/index.php?rest_route=\/wp\/v2\/pages\/181\/revisions"}],"predecessor-version":[{"id":201,"href":"http:\/\/musikschule-wrede.de\/index.php?rest_route=\/wp\/v2\/pages\/181\/revisions\/201"}],"wp:attachment":[{"href":"http:\/\/musikschule-wrede.de\/index.php?rest_route=%2Fwp%2Fv2%2Fmedia&parent=181"}],"curies":[{"name":"wp","href":"https:\/\/api.w.org\/{rel}","templated":true}]}}