{"id":147,"date":"2018-06-10T09:33:28","date_gmt":"2018-06-10T08:33:28","guid":{"rendered":"http:\/\/musikschule-wrede.de\/?page_id=147"},"modified":"2018-06-10T09:33:28","modified_gmt":"2018-06-10T08:33:28","slug":"junior-extension-course","status":"publish","type":"page","link":"http:\/\/musikschule-wrede.de\/?page_id=147","title":{"rendered":"Junior Extension Course"},"content":{"rendered":"<div id=\"d443794\" class=\"heading-h1\">\n<div class=\"container-fluid\">\n<p>(von 6 bis 8 Jahren)<\/p>\n<\/div>\n<\/div>\n<div id=\"d455391\" class=\"h3-image-left\">\n<div class=\"container-fluid\">\n<div class=\"clearfix\">\n<p>Aufbauend auf den Junior Music Course, in dem die musikalische H\u00f6rf\u00e4higkeit der Sch\u00fcler durch H\u00f6ren von Musik, Singen und Spielen auf besondere Art und Weise ausgebildet wird, sensibilisiert der \u201eJunior Extension Course\u201c die Sch\u00fcler f\u00fcr harmonische Zusammenh\u00e4nge. Sie lernen, diese h\u00f6rend und spielend nachzuvollziehen und zu gestalten.<\/p>\n<p>Dar\u00fcber hinaus werden ihre spieltechnische Fertigkeiten auf einem Tasteninstrument weiterentwickelt, und sie beginnen schlie\u00dflich damit, eigene kleine Kompositionen zu erfinden.<\/p>\n<p>Nach zwei Jahren wechseln die Kinder vom \u201eJunior Extension Course\u201c in den Junior Advanced Course.<\/p>\n<p>Wer kann mitmachen? Kinder im Alter von 6 bis 7 Jahren, die vorher am \u201eJunior Music Course\u201c teilgenommen haben<\/p>\n<p>Unterrichtsdauer: 60 Minuten<\/p>\n<p>Gruppengr\u00f6\u00dfe: 6 bis 10 Kinder<\/p>\n<p>Dieser Kursus wird ausschlie\u00dflich in den Yamaha Music Schools angeboten<\/p>\n<\/div>\n<\/div>\n<\/div>\n","protected":false},"excerpt":{"rendered":"<p>(von 6 bis 8 Jahren) Aufbauend auf den Junior Music Course, in dem die musikalische H\u00f6rf\u00e4higkeit der Sch\u00fcler durch H\u00f6ren von Musik, Singen und Spielen auf besondere Art und Weise ausgebildet wird, sensibilisiert der \u201eJunior Extension Course\u201c die Sch\u00fcler f\u00fcr harmonische Zusammenh\u00e4nge. Sie lernen, diese h\u00f6rend und spielend nachzuvollziehen und zu gestalten. Dar\u00fcber hinaus werden [&hellip;]<\/p>\n","protected":false},"author":1,"featured_media":0,"parent":0,"menu_order":0,"comment_status":"closed","ping_status":"closed","template":"","meta":[],"_links":{"self":[{"href":"http:\/\/musikschule-wrede.de\/index.php?rest_route=\/wp\/v2\/pages\/147"}],"collection":[{"href":"http:\/\/musikschule-wrede.de\/index.php?rest_route=\/wp\/v2\/pages"}],"about":[{"href":"http:\/\/musikschule-wrede.de\/index.php?rest_route=\/wp\/v2\/types\/page"}],"author":[{"embeddable":true,"href":"http:\/\/musikschule-wrede.de\/index.php?rest_route=\/wp\/v2\/users\/1"}],"replies":[{"embeddable":true,"href":"http:\/\/musikschule-wrede.de\/index.php?rest_route=%2Fwp%2Fv2%2Fcomments&post=147"}],"version-history":[{"count":1,"href":"http:\/\/musikschule-wrede.de\/index.php?rest_route=\/wp\/v2\/pages\/147\/revisions"}],"predecessor-version":[{"id":148,"href":"http:\/\/musikschule-wrede.de\/index.php?rest_route=\/wp\/v2\/pages\/147\/revisions\/148"}],"wp:attachment":[{"href":"http:\/\/musikschule-wrede.de\/index.php?rest_route=%2Fwp%2Fv2%2Fmedia&parent=147"}],"curies":[{"name":"wp","href":"https:\/\/api.w.org\/{rel}","templated":true}]}}